{"id":2395,"date":"2022-01-25T12:08:49","date_gmt":"2022-01-25T12:08:49","guid":{"rendered":"https:\/\/globaltolerancefaces.com\/impressum\/"},"modified":"2022-01-25T12:08:52","modified_gmt":"2022-01-25T12:08:52","slug":"impressum","status":"publish","type":"page","link":"https:\/\/globaltolerancefaces.com\/de\/impressum\/","title":{"rendered":"Impressum"},"content":{"rendered":"<p><div class=\"fusion-fullwidth fullwidth-box fusion-builder-row-1 nonhundred-percent-fullwidth non-hundred-percent-height-scrolling\" style=\"--awb-border-radius-top-left:0px;--awb-border-radius-top-right:0px;--awb-border-radius-bottom-right:0px;--awb-border-radius-bottom-left:0px;--awb-flex-wrap:wrap;\" ><div class=\"fusion-builder-row fusion-row\"><div class=\"fusion-layout-column fusion_builder_column fusion-builder-column-0 fusion_builder_column_1_2 1_2 fusion-one-half fusion-column-first\" style=\"--awb-bg-size:cover;width:50%;width:calc(50% - ( ( 4% ) * 0.5 ) );margin-right: 4%;\"><div class=\"fusion-column-wrapper fusion-flex-column-wrapper-legacy\"><div class=\"fusion-image-element in-legacy-container\" style=\"--awb-liftup-border-radius:0px;--awb-caption-title-font-family:var(--h2_typography-font-family);--awb-caption-title-font-weight:var(--h2_typography-font-weight);--awb-caption-title-font-style:var(--h2_typography-font-style);--awb-caption-title-size:var(--h2_typography-font-size);--awb-caption-title-transform:var(--h2_typography-text-transform);--awb-caption-title-line-height:var(--h2_typography-line-height);--awb-caption-title-letter-spacing:var(--h2_typography-letter-spacing);\"><div class=\"awb-image-frame awb-image-frame-1 imageframe-liftup\"><span class=\" fusion-imageframe imageframe-dropshadow imageframe-1\" style=\"-webkit-box-shadow: 3px 3px 7px rgba(0,0,0,0.3);box-shadow: 3px 3px 7px rgba(0,0,0,0.3);\"><img decoding=\"async\" width=\"1476\" height=\"1476\" alt=\"Global-Tolerance-Faces\" title=\"Globale Toleranzgesichter\" src=\"https:\/\/globaltolerancefaces.com\/wp-content\/uploads\/2018\/05\/Global-Tolerance-Faces-Logo.jpg\" class=\"img-responsive wp-image-2086\" srcset=\"https:\/\/globaltolerancefaces.com\/wp-content\/uploads\/2018\/05\/Global-Tolerance-Faces-Logo-200x200.jpg 200w, https:\/\/globaltolerancefaces.com\/wp-content\/uploads\/2018\/05\/Global-Tolerance-Faces-Logo-400x400.jpg 400w, https:\/\/globaltolerancefaces.com\/wp-content\/uploads\/2018\/05\/Global-Tolerance-Faces-Logo-600x600.jpg 600w, https:\/\/globaltolerancefaces.com\/wp-content\/uploads\/2018\/05\/Global-Tolerance-Faces-Logo-800x800.jpg 800w, https:\/\/globaltolerancefaces.com\/wp-content\/uploads\/2018\/05\/Global-Tolerance-Faces-Logo-1200x1200.jpg 1200w, https:\/\/globaltolerancefaces.com\/wp-content\/uploads\/2018\/05\/Global-Tolerance-Faces-Logo.jpg 1476w\" sizes=\"(max-width: 800px) 100vw, 600px\" \/><\/span><\/div><\/div><div class=\"fusion-clearfix\"><\/div><\/div><\/div><div class=\"fusion-layout-column fusion_builder_column fusion-builder-column-1 fusion_builder_column_1_2 1_2 fusion-one-half fusion-column-last\" style=\"--awb-bg-size:cover;width:50%;width:calc(50% - ( ( 4% ) * 0.5 ) );\"><div class=\"fusion-column-wrapper fusion-flex-column-wrapper-legacy\"><div class=\"fusion-text fusion-text-1\"><h3>Impressum<\/h3>\n<h3>Angaben gem\u00e4\u00df \u00a7 5 TMG<\/h3>\n<p>Eigent\u00fcmer dieser Website und des Urheberrechts, Aktivist f\u00fcr digitale Medien<br \/>\nGr\u00fcnder von Global Tolerance Faces:<\/p>\n<p><strong>MADAME SABINE BALVE <\/strong><\/p>\n<p>INFLUENCER F\u00dcR DIGITALE MEDIEN | GLOBALER KAMPAGNER | AGENT \u00c4NDERN<br \/>\nJanuar 2012 \u2013 Gegenwart<br \/>\nStandort: Deutschland &amp; Vereinigte Arabische Emirate<\/p>\n<h3>Kontakt<\/h3>\n<p>E-Mail: contact@globaltolerancefaces.com<\/p>\n<p><a href=\"https:\/\/www.globaltolerancefaces.com\">https:\/\/www.globaltolerancefaces.com<\/a><\/p>\n<\/div><div class=\"fusion-clearfix\"><\/div><\/div><\/div><\/div><\/div><div class=\"fusion-fullwidth fullwidth-box fusion-builder-row-2 nonhundred-percent-fullwidth non-hundred-percent-height-scrolling\" style=\"--awb-border-radius-top-left:0px;--awb-border-radius-top-right:0px;--awb-border-radius-bottom-right:0px;--awb-border-radius-bottom-left:0px;--awb-flex-wrap:wrap;\" ><div class=\"fusion-builder-row fusion-row\"><div class=\"fusion-layout-column fusion_builder_column fusion-builder-column-2 fusion_builder_column_1_1 1_1 fusion-one-full fusion-column-first fusion-column-last\" style=\"--awb-bg-size:cover;\"><div class=\"fusion-column-wrapper fusion-flex-column-wrapper-legacy\"><div class=\"fusion-text fusion-text-2\"><h3>EU-Streitbeilegung<\/h3>\n<p>Die Europ\u00e4ische Kommission stellt eine Plattform zur Online-Streitbeilegung (OS) bereit: <a href=\"https:\/\/ec.europa.eu\/consumers\/odr\" target=\"_blank\" rel=\"noopener\">https:\/\/ec.europa.eu\/consumers\/odr<\/a> .<br \/>\nUnsere E-Mail-Adresse finden Sie oben im Impressum.<\/p>\n<p>Wir sind nicht bereit und nicht verpflichtet, an Streitbeilegungsverfahren vor einer Verbraucherschlichtungsstelle teilzunehmen.<\/p>\n<h3><strong>Haftung f\u00fcr Inhalte<\/strong><\/h3>\n<p>Als Diensteanbieter sind wir f\u00fcr eigene Inhalte auf diesen Seiten gem\u00e4\u00df \u00a7 6 Abs. \u00a7 7 Abs. 1 Telemediengesetz (TMG). Allerdings ist nach Abs. \u00a7\u00a7 8 bis 10 TMG sind Diensteanbieter jedoch nicht verpflichtet, \u00fcbermittelte oder gespeicherte fremde Informationen zu \u00fcberwachen oder nach Umst\u00e4nden zu forschen, die auf eine rechtswidrige T\u00e4tigkeit hinweisen.<\/p>\n<p>Gesetzliche Verpflichtungen zur Entfernung von Informationen oder Sperrung der Nutzung von Informationen bleiben unber\u00fchrt. Eine diesbez\u00fcgliche Haftung ist jedoch erst ab dem Zeitpunkt der Kenntnis einer konkreten Rechtsverletzung m\u00f6glich. Rechtswidrige Inhalte werden bei Kenntnis dar\u00fcber umgehend entfernt.<\/p>\n<h3>Haftung f\u00fcr Links<\/h3>\n<p>Unser Angebot enth\u00e4lt Links zu externen Webseiten Dritter. Auf die Inhalte dieser Seiten haben wir keinen Einfluss, deshalb k\u00f6nnen wir f\u00fcr diese Inhalte auch keine Gew\u00e4hr \u00fcbernehmen. F\u00fcr die Inhalte der verlinkten Seiten sind stets deren Anbieter oder Betreiber verantwortlich.<\/p>\n<p>Die verlinkten Seiten wurden zum Zeitpunkt der Verlinkung auf m\u00f6gliche Rechtsverst\u00f6\u00dfe \u00fcberpr\u00fcft. Rechtswidrige Inhalte waren zum Zeitpunkt der Verlinkung nicht erkennbar. Eine permanente inhaltliche Kontrolle verlinkter Seiten ist ohne begr\u00fcndete Anhaltspunkte einer Rechtsverletzung nicht zumutbar. Rechtswidrige Links werden bei Kenntnis dar\u00fcber umgehend entfernt.<\/p>\n<h3>Urheberrechte \u00a9<\/h3>\n<p>Die durch die Anbieter auf diesen Seiten ver\u00f6ffentlichten Inhalte und Zusammenstellungen unterliegen dem deutschen Urheberrecht. Die Vervielf\u00e4ltigung, Bearbeitung, Verbreitung sowie die Verwertung in jeglicher Art au\u00dferhalb der Reichweite des Urheberrechtsgesetzes bed\u00fcrfen der schriftlichen Zustimmung des Autors bzw. Urhebers. Downloads und Kopien dieser Seite sind nur f\u00fcr den privaten Gebrauch gestattet.<br \/>\nDie gewerbliche Nutzung unserer Inhalte ohne Genehmigung des Urhebers ist untersagt.<\/p>\n<p>Urheberrechte Dritter werden beachtet, solange die Inhalte auf diesen Seiten nicht vom Anbieter stammen. Beitr\u00e4ge Dritter auf dieser Seite sind als solche gekennzeichnet. Sollten Ihnen dennoch Urheberrechtsverletzungen auffallen, teilen Sie uns dies bitte mit. Bei Bekanntwerden von Rechtsverletzungen werden wir derartige Inhalte umgehend entfernen.<\/p>\n<p><a href=\"https:\/\/globaltolerancefaces.com\/wp-content\/uploads\/2019\/01\/Global_Tolerance_Faces_Digital_Media_Campaigner_Madame_Sabine_Balve_diversity_02.jpg\">#77176892 \u00a9 Syda-Produktionen<\/a><br \/>\n<a href=\"https:\/\/globaltolerancefaces.com\/wp-content\/uploads\/2019\/01\/Global_Tolerance_Faces_Digital_Media_Campaigner_Madame_Sabine_Balve_tolerance_02.jpg\">#98249788 \u00a9 Zerbor<\/a><br \/>\n<a href=\"https:\/\/globaltolerancefaces.com\/wp-content\/uploads\/2019\/01\/Global_Tolerance_Faces_Digital_Media_Campaigner_Madame_Sabine_Balve_hands_02.jpg\">#89232524 \u00a9 luckybusiness<\/a><br \/>\n<a href=\"https:\/\/globaltolerancefaces.com\/wp-content\/uploads\/2019\/01\/Global_Tolerance_Faces_Digital_Media_Campaigner_Madame_Sabine_Balve_studio.jpg\">#198471003 \u00a9 gnepphoto<\/a><br \/>\n<a href=\"https:\/\/globaltolerancefaces.com\/wp-content\/uploads\/2019\/01\/Global_Tolerance_Faces_Digital_Media_Campaigner_Madame_Sabine_Balve_international.jpg\">#17034006 \u00a9 Claus Mikosch<\/a><br \/>\n<a href=\"https:\/\/globaltolerancefaces.com\/wp-content\/uploads\/2015\/01\/Global_Tolerance_Faces_Madame_Sabine_Balve_Contact_01.jpg\">#220792280 \u00a9 fotomek<\/a><br \/>\n<a href=\"https:\/\/globaltolerancefaces.com\/wp-content\/uploads\/2018\/12\/fullsizeoutput_2b79-1.jpeg\">#225974064 \u00a9 koltukow<\/a><br \/>\n<a href=\"https:\/\/globaltolerancefaces.com\/wp-content\/uploads\/2015\/01\/Global_Tolerance_Faces_Madame_Sabine_Balve_About_us.jpg\">#227027178 \u00a9 wellphoto<\/a><br \/>\n<a href=\"https:\/\/globaltolerancefaces.com\/wp-content\/uploads\/2019\/01\/Global_Tolerance_Faces_Digital_Media_Campaigner_Madame_Sabine_Balve_who-we-are.jpg\">Foto von rawpixel auf Unsplash<\/a><br \/>\n<a href=\"https:\/\/globaltolerancefaces.com\/wp-content\/uploads\/2019\/01\/Global_Tolerance_Faces_Digital_Media_Campaigner_Madame_Sabine_Balve_what-we-do.jpg\">Foto von rawpixel auf Unsplash<\/a><br \/>\n<a href=\"https:\/\/globaltolerancefaces.com\/wp-content\/uploads\/2019\/01\/Global_Tolerance_Faces_Digital_Media_Campaigner_Madame_Sabine_Balve_what-we-believe.jpg\">Foto von rawpixel auf Unsplash<\/a><br \/>\n<a href=\"https:\/\/globaltolerancefaces.com\/wp-content\/uploads\/2019\/01\/Global_Tolerance_Faces_Digital_Media_Campaigner_Madame_Sabine_Balve_about_us.jpg\">#62029289 \u00a9 ktsdesign<\/a><\/p>\n<\/div><div class=\"fusion-clearfix\"><\/div><\/div><\/div><\/div><\/div><\/p>\n","protected":false},"excerpt":{"rendered":"","protected":false},"author":1,"featured_media":0,"parent":0,"menu_order":0,"comment_status":"closed","ping_status":"closed","template":"","meta":{"footnotes":""},"class_list":["post-2395","page","type-page","status-publish","hentry"],"yoast_head":"<!-- This site is optimized with the Yoast SEO plugin v27.4 - https:\/\/yoast.com\/product\/yoast-seo-wordpress\/ -->\n<title>Impressum - GlobalToleranceFaces<\/title>\n<meta name=\"robots\" content=\"index, follow, max-snippet:-1, max-image-preview:large, max-video-preview:-1\" \/>\n<link rel=\"canonical\" href=\"https:\/\/globaltolerancefaces.com\/de\/impressum\/\" \/>\n<meta property=\"og:locale\" content=\"de_DE\" \/>\n<meta property=\"og:type\" content=\"article\" \/>\n<meta property=\"og:title\" content=\"Impressum - GlobalToleranceFaces\" \/>\n<meta property=\"og:url\" content=\"https:\/\/globaltolerancefaces.com\/de\/impressum\/\" \/>\n<meta property=\"og:site_name\" content=\"GlobalToleranceFaces\" \/>\n<meta property=\"article:publisher\" content=\"https:\/\/www.facebook.com\/groups\/GlobalToleranceFaces2017\/\" \/>\n<meta property=\"article:modified_time\" content=\"2022-01-25T12:08:52+00:00\" \/>\n<meta name=\"twitter:card\" content=\"summary_large_image\" \/>\n<meta name=\"twitter:site\" content=\"@Tolerancefaces\" \/>\n<meta name=\"twitter:label1\" content=\"Gesch\u00e4tzte Lesezeit\" \/>\n\t<meta name=\"twitter:data1\" content=\"5\u00a0Minuten\" \/>\n<script type=\"application\/ld+json\" class=\"yoast-schema-graph\">{\"@context\":\"https:\\\/\\\/schema.org\",\"@graph\":[{\"@type\":\"WebPage\",\"@id\":\"https:\\\/\\\/globaltolerancefaces.com\\\/de\\\/impressum\\\/\",\"url\":\"https:\\\/\\\/globaltolerancefaces.com\\\/de\\\/impressum\\\/\",\"name\":\"Impressum - GlobalToleranceFaces\",\"isPartOf\":{\"@id\":\"https:\\\/\\\/globaltolerancefaces.com\\\/de\\\/#website\"},\"datePublished\":\"2022-01-25T12:08:49+00:00\",\"dateModified\":\"2022-01-25T12:08:52+00:00\",\"breadcrumb\":{\"@id\":\"https:\\\/\\\/globaltolerancefaces.com\\\/de\\\/impressum\\\/#breadcrumb\"},\"inLanguage\":\"de\",\"potentialAction\":[{\"@type\":\"ReadAction\",\"target\":[\"https:\\\/\\\/globaltolerancefaces.com\\\/de\\\/impressum\\\/\"]}]},{\"@type\":\"BreadcrumbList\",\"@id\":\"https:\\\/\\\/globaltolerancefaces.com\\\/de\\\/impressum\\\/#breadcrumb\",\"itemListElement\":[{\"@type\":\"ListItem\",\"position\":1,\"name\":\"Home\",\"item\":\"https:\\\/\\\/globaltolerancefaces.com\\\/de\\\/\"},{\"@type\":\"ListItem\",\"position\":2,\"name\":\"Impressum\"}]},{\"@type\":\"WebSite\",\"@id\":\"https:\\\/\\\/globaltolerancefaces.com\\\/de\\\/#website\",\"url\":\"https:\\\/\\\/globaltolerancefaces.com\\\/de\\\/\",\"name\":\"GlobalToleranceFaces\",\"description\":\"Global Citizen Campaign. ONE People. ONE World.\",\"potentialAction\":[{\"@type\":\"SearchAction\",\"target\":{\"@type\":\"EntryPoint\",\"urlTemplate\":\"https:\\\/\\\/globaltolerancefaces.com\\\/de\\\/?s={search_term_string}\"},\"query-input\":{\"@type\":\"PropertyValueSpecification\",\"valueRequired\":true,\"valueName\":\"search_term_string\"}}],\"inLanguage\":\"de\"}]}<\/script>\n<!-- \/ Yoast SEO plugin. -->","yoast_head_json":{"title":"Impressum - GlobalToleranceFaces","robots":{"index":"index","follow":"follow","max-snippet":"max-snippet:-1","max-image-preview":"max-image-preview:large","max-video-preview":"max-video-preview:-1"},"canonical":"https:\/\/globaltolerancefaces.com\/de\/impressum\/","og_locale":"de_DE","og_type":"article","og_title":"Impressum - GlobalToleranceFaces","og_url":"https:\/\/globaltolerancefaces.com\/de\/impressum\/","og_site_name":"GlobalToleranceFaces","article_publisher":"https:\/\/www.facebook.com\/groups\/GlobalToleranceFaces2017\/","article_modified_time":"2022-01-25T12:08:52+00:00","twitter_card":"summary_large_image","twitter_site":"@Tolerancefaces","twitter_misc":{"Gesch\u00e4tzte Lesezeit":"5\u00a0Minuten"},"schema":{"@context":"https:\/\/schema.org","@graph":[{"@type":"WebPage","@id":"https:\/\/globaltolerancefaces.com\/de\/impressum\/","url":"https:\/\/globaltolerancefaces.com\/de\/impressum\/","name":"Impressum - GlobalToleranceFaces","isPartOf":{"@id":"https:\/\/globaltolerancefaces.com\/de\/#website"},"datePublished":"2022-01-25T12:08:49+00:00","dateModified":"2022-01-25T12:08:52+00:00","breadcrumb":{"@id":"https:\/\/globaltolerancefaces.com\/de\/impressum\/#breadcrumb"},"inLanguage":"de","potentialAction":[{"@type":"ReadAction","target":["https:\/\/globaltolerancefaces.com\/de\/impressum\/"]}]},{"@type":"BreadcrumbList","@id":"https:\/\/globaltolerancefaces.com\/de\/impressum\/#breadcrumb","itemListElement":[{"@type":"ListItem","position":1,"name":"Home","item":"https:\/\/globaltolerancefaces.com\/de\/"},{"@type":"ListItem","position":2,"name":"Impressum"}]},{"@type":"WebSite","@id":"https:\/\/globaltolerancefaces.com\/de\/#website","url":"https:\/\/globaltolerancefaces.com\/de\/","name":"GlobalToleranceFaces","description":"Global Citizen Campaign. ONE People. ONE World.","potentialAction":[{"@type":"SearchAction","target":{"@type":"EntryPoint","urlTemplate":"https:\/\/globaltolerancefaces.com\/de\/?s={search_term_string}"},"query-input":{"@type":"PropertyValueSpecification","valueRequired":true,"valueName":"search_term_string"}}],"inLanguage":"de"}]}},"_links":{"self":[{"href":"https:\/\/globaltolerancefaces.com\/de\/wp-json\/wp\/v2\/pages\/2395","targetHints":{"allow":["GET"]}}],"collection":[{"href":"https:\/\/globaltolerancefaces.com\/de\/wp-json\/wp\/v2\/pages"}],"about":[{"href":"https:\/\/globaltolerancefaces.com\/de\/wp-json\/wp\/v2\/types\/page"}],"author":[{"embeddable":true,"href":"https:\/\/globaltolerancefaces.com\/de\/wp-json\/wp\/v2\/users\/1"}],"replies":[{"embeddable":true,"href":"https:\/\/globaltolerancefaces.com\/de\/wp-json\/wp\/v2\/comments?post=2395"}],"version-history":[{"count":3,"href":"https:\/\/globaltolerancefaces.com\/de\/wp-json\/wp\/v2\/pages\/2395\/revisions"}],"predecessor-version":[{"id":2408,"href":"https:\/\/globaltolerancefaces.com\/de\/wp-json\/wp\/v2\/pages\/2395\/revisions\/2408"}],"wp:attachment":[{"href":"https:\/\/globaltolerancefaces.com\/de\/wp-json\/wp\/v2\/media?parent=2395"}],"curies":[{"name":"wp","href":"https:\/\/api.w.org\/{rel}","templated":true}]}}